{"id":1852,"date":"2025-12-18T09:36:04","date_gmt":"2025-12-18T09:36:04","guid":{"rendered":"https:\/\/q81vpbtwbc.preview.infomaniak.website\/finanzierung-ihres-studiums\/"},"modified":"2026-04-22T09:47:20","modified_gmt":"2026-04-22T09:47:20","slug":"finanzierung-ihrer-ausbildung","status":"publish","type":"page","link":"https:\/\/sawi.com\/de\/finanzierung-ihrer-ausbildung\/","title":{"rendered":"Finanzierung"},"content":{"rendered":"\t\t<div data-elementor-type=\"wp-page\" data-elementor-id=\"1852\" class=\"elementor elementor-1852 elementor-1747\" data-elementor-post-type=\"page\">\n\t\t\t\t<div class=\"elementor-element elementor-element-febc212 e-flex e-con-boxed e-con e-parent\" data-id=\"febc212\" data-element_type=\"container\" data-e-type=\"container\" data-settings=\"{&quot;background_background&quot;:&quot;classic&quot;}\">\n\t\t\t\t\t<div class=\"e-con-inner\">\n\t\t<div class=\"elementor-element elementor-element-db67ff6 e-flex e-con-boxed e-con e-child\" data-id=\"db67ff6\" data-element_type=\"container\" data-e-type=\"container\">\n\t\t\t\t\t<div class=\"e-con-inner\">\n\t\t\t\t<div class=\"elementor-element elementor-element-fea33db elementor-widget elementor-widget-heading\" data-id=\"fea33db\" data-element_type=\"widget\" data-e-type=\"widget\" data-widget_type=\"heading.default\">\n\t\t\t\t\t<h1 class=\"elementor-heading-title elementor-size-default\">Finanzierung Ihrer Ausbildung<\/h1>\t\t\t\t<\/div>\n\t\t\t\t<div class=\"elementor-element elementor-element-d2abebe elementor-widget elementor-widget-heading\" data-id=\"d2abebe\" data-element_type=\"widget\" data-e-type=\"widget\" data-widget_type=\"heading.default\">\n\t\t\t\t\t<h2 class=\"elementor-heading-title elementor-size-default\">F\u00fcr Ihre Ausbildung stehen Ihnen verschiedene M\u00f6glichkeiten der externen Finanzierung zur Verf\u00fcgung\n\n<\/h2>\t\t\t\t<\/div>\n\t\t\t\t<div class=\"elementor-element elementor-element-de6151a elementor-align-center elementor-widget elementor-widget-button\" data-id=\"de6151a\" data-element_type=\"widget\" data-e-type=\"widget\" data-widget_type=\"button.default\">\n\t\t\t\t\t\t\t\t\t\t<a class=\"elementor-button elementor-button-link elementor-size-sm\" href=\"#financement\">\n\t\t\t\t\t\t<span class=\"elementor-button-content-wrapper\">\n\t\t\t\t\t\t\t\t\t<span class=\"elementor-button-text\">Sehen Sie sich die Finanzierungsm\u00f6glichkeiten an<\/span>\n\t\t\t\t\t<\/span>\n\t\t\t\t\t<\/a>\n\t\t\t\t\t\t\t\t<\/div>\n\t\t\t\t\t<\/div>\n\t\t\t\t<\/div>\n\t\t\t\t\t<\/div>\n\t\t\t\t<\/div>\n\t\t<!-- dce invisible element 2a7cad6 --><div class=\"elementor-element elementor-element-abd864e e-grid e-con-boxed e-con e-parent\" data-id=\"abd864e\" data-element_type=\"container\" data-e-type=\"container\" id=\"financement\">\n\t\t\t\t\t<div class=\"e-con-inner\">\n\t\t<div class=\"elementor-element elementor-element-8bf2709 e-con-full e-flex e-con e-child\" data-id=\"8bf2709\" data-element_type=\"container\" data-e-type=\"container\" data-settings=\"{&quot;background_background&quot;:&quot;classic&quot;}\">\n\t\t\t\t<div class=\"elementor-element elementor-element-da4c61b elementor-widget elementor-widget-text-editor\" data-id=\"da4c61b\" data-element_type=\"widget\" data-e-type=\"widget\" data-widget_type=\"text-editor.default\">\n\t\t\t\t\t\t\t\t\t<p>Es gibt verschiedene M\u00f6glichkeiten, Ihr Studium extern zu finanzieren.<\/p><p>F\u00fcr Ausbildungen vom Typ eidgen\u00f6ssisches Patent\/Diplom oder Marcom k\u00f6nnen Sie Subventionen erhalten. Alle Informationen finden Sie auf der Website des <a href=\"https:\/\/www.sbfi.admin.ch\/de\/bundesbeitraege-fuer-kurse-die-auf-eidgenoessische-pruefungen-vorbereiten#Liste-der-vorbereitenden-Kurse-(Meldeliste)\" target=\"_blank\" rel=\"noopener\">SEFRI<\/a> (Rubrik &#8218;H\u00f6here Berufsbildung&#8216; &gt; &#8218;Beitr\u00e4ge f\u00fcr Vorbereitungskurse auf eidgen\u00f6ssische Pr\u00fcfungen&#8216;). Einige wichtige Informationen finden Sie auch auf unserer <a href=\"https:\/\/www.sawi.com\/romandie\/actualites\/financement-federal-pour-nos-formations\">News-Seite<\/a>.<br>Die Verantwortung f\u00fcr den Zuschuss des Bundes liegt beim SEFRI. Die SAWI verpflichtet sich in keiner Weise, den subventionierten Anteil zu \u00fcbernehmen.   <\/p><p>Im Kanton Waadt ist die kantonale Stiftung f\u00fcr Berufsbildung <a href=\"https:\/\/fonpro.ch\/\" target=\"_blank\" rel=\"noopener\">FONPRO<\/a> bei den Unternehmen aktiv, um die h\u00f6here Bildung zu unterst\u00fctzen.<\/p><p>Nachfolgend finden Sie eine \u00dcbersicht \u00fcber die verschiedenen Plattformen, die Studenten mit Investoren zusammenbringen, um ihnen bei der Finanzierung ihres Studiums zu helfen, sowie eine Zusammenfassung der Dokumente, die f\u00fcr eine solche externe Finanzierung erforderlich sind:<\/p>\t\t\t\t\t\t\t\t<\/div>\n\t\t<div class=\"elementor-element elementor-element-3215b95 e-grid e-con-full e-con e-child\" data-id=\"3215b95\" data-element_type=\"container\" data-e-type=\"container\">\n\t\t\t\t<div class=\"elementor-element elementor-element-85dc8f8 dce_masking-none elementor-widget elementor-widget-image\" data-id=\"85dc8f8\" data-element_type=\"widget\" data-e-type=\"widget\" data-widget_type=\"image.default\">\n\t\t\t\t\t\t\t\t\t\t\t\t\t\t\t\t<a href=\"https:\/\/splendit.ch\/de\/\" target=\"_blank\" rel=\"noopener\">\n\t\t\t\t\t\t\t<img decoding=\"async\" width=\"223\" height=\"223\" src=\"https:\/\/sawi.com\/wp-content\/uploads\/2026\/03\/Splendit.webp\" class=\"attachment-large size-large wp-image-22065\" alt=\"\" srcset=\"https:\/\/sawi.com\/wp-content\/uploads\/2026\/03\/Splendit.webp 223w, https:\/\/sawi.com\/wp-content\/uploads\/2026\/03\/Splendit-150x150.webp 150w\" sizes=\"(max-width: 223px) 100vw, 223px\" \/>\t\t\t\t\t\t\t\t<\/a>\n\t\t\t\t\t\t\t\t\t\t\t\t\t\t\t<\/div>\n\t\t\t\t<div class=\"elementor-element elementor-element-40036aa dce_masking-none elementor-widget elementor-widget-image\" data-id=\"40036aa\" data-element_type=\"widget\" data-e-type=\"widget\" data-widget_type=\"image.default\">\n\t\t\t\t\t\t\t\t\t\t\t\t\t\t\t\t<a href=\"https:\/\/lendora.ch\/\" target=\"_blank\" rel=\"noopener\">\n\t\t\t\t\t\t\t<img decoding=\"async\" width=\"200\" height=\"200\" src=\"https:\/\/sawi.com\/wp-content\/uploads\/2026\/03\/Lendora.webp\" class=\"attachment-large size-large wp-image-22064\" alt=\"\" srcset=\"https:\/\/sawi.com\/wp-content\/uploads\/2026\/03\/Lendora.webp 200w, https:\/\/sawi.com\/wp-content\/uploads\/2026\/03\/Lendora-150x150.webp 150w\" sizes=\"(max-width: 200px) 100vw, 200px\" \/>\t\t\t\t\t\t\t\t<\/a>\n\t\t\t\t\t\t\t\t\t\t\t\t\t\t\t<\/div>\n\t\t\t\t<div class=\"elementor-element elementor-element-52738b3 dce_masking-none elementor-widget elementor-widget-image\" data-id=\"52738b3\" data-element_type=\"widget\" data-e-type=\"widget\" data-widget_type=\"image.default\">\n\t\t\t\t\t\t\t\t\t\t\t\t\t\t\t\t<a href=\"https:\/\/lend.ch\/fr\" target=\"_blank\" rel=\"noopener\">\n\t\t\t\t\t\t\t<img decoding=\"async\" width=\"181\" height=\"164\" src=\"https:\/\/sawi.com\/wp-content\/uploads\/2026\/03\/Lend.webp\" class=\"attachment-large size-large wp-image-22063\" alt=\"\" \/>\t\t\t\t\t\t\t\t<\/a>\n\t\t\t\t\t\t\t\t\t\t\t\t\t\t\t<\/div>\n\t\t\t\t<div class=\"elementor-element elementor-element-74c9f4e dce_masking-none elementor-widget elementor-widget-image\" data-id=\"74c9f4e\" data-element_type=\"widget\" data-e-type=\"widget\" data-widget_type=\"image.default\">\n\t\t\t\t\t\t\t\t\t\t\t\t\t\t\t\t<a href=\"https:\/\/www.valaisfamily.ch\/N211038\/service-des-bourses-et-prets-d-honneur.html\" target=\"_blank\" rel=\"noopener\">\n\t\t\t\t\t\t\t<img loading=\"lazy\" decoding=\"async\" width=\"800\" height=\"803\" src=\"https:\/\/sawi.com\/wp-content\/uploads\/2026\/03\/Flag_of_Canton_of_Valais.svg.png-1020x1024.webp\" class=\"attachment-large size-large wp-image-22062\" alt=\"\" srcset=\"https:\/\/sawi.com\/wp-content\/uploads\/2026\/03\/Flag_of_Canton_of_Valais.svg.png-1020x1024.webp 1020w, https:\/\/sawi.com\/wp-content\/uploads\/2026\/03\/Flag_of_Canton_of_Valais.svg.png-300x300.webp 300w, https:\/\/sawi.com\/wp-content\/uploads\/2026\/03\/Flag_of_Canton_of_Valais.svg.png-150x150.webp 150w, https:\/\/sawi.com\/wp-content\/uploads\/2026\/03\/Flag_of_Canton_of_Valais.svg.png-768x771.webp 768w, https:\/\/sawi.com\/wp-content\/uploads\/2026\/03\/Flag_of_Canton_of_Valais.svg.png.webp 1197w\" sizes=\"(max-width: 800px) 100vw, 800px\" \/>\t\t\t\t\t\t\t\t<\/a>\n\t\t\t\t\t\t\t\t\t\t\t\t\t\t\t<\/div>\n\t\t\t\t<div class=\"elementor-element elementor-element-52a9186 dce_masking-none elementor-widget elementor-widget-image\" data-id=\"52a9186\" data-element_type=\"widget\" data-e-type=\"widget\" data-widget_type=\"image.default\">\n\t\t\t\t\t\t\t\t\t\t\t\t\t\t\t\t<a href=\"https:\/\/fonpro.ch\/\" target=\"_blank\" rel=\"noopener\">\n\t\t\t\t\t\t\t<img loading=\"lazy\" decoding=\"async\" width=\"646\" height=\"646\" src=\"https:\/\/sawi.com\/wp-content\/uploads\/2026\/03\/fonpro-logo-carre-bleu.jpg.webp\" class=\"attachment-large size-large wp-image-22070\" alt=\"\" srcset=\"https:\/\/sawi.com\/wp-content\/uploads\/2026\/03\/fonpro-logo-carre-bleu.jpg.webp 646w, https:\/\/sawi.com\/wp-content\/uploads\/2026\/03\/fonpro-logo-carre-bleu.jpg-300x300.webp 300w, https:\/\/sawi.com\/wp-content\/uploads\/2026\/03\/fonpro-logo-carre-bleu.jpg-150x150.webp 150w\" sizes=\"(max-width: 646px) 100vw, 646px\" \/>\t\t\t\t\t\t\t\t<\/a>\n\t\t\t\t\t\t\t\t\t\t\t\t\t\t\t<\/div>\n\t\t\t\t<div class=\"elementor-element elementor-element-c2ed35c dce_masking-none elementor-widget elementor-widget-image\" data-id=\"c2ed35c\" data-element_type=\"widget\" data-e-type=\"widget\" data-widget_type=\"image.default\">\n\t\t\t\t\t\t\t\t\t\t\t\t\t\t\t\t<a href=\"https:\/\/www.ernestboninchi.ch\/bourses\" target=\"_blank\" rel=\"noopener\">\n\t\t\t\t\t\t\t<img loading=\"lazy\" decoding=\"async\" width=\"764\" height=\"176\" src=\"https:\/\/sawi.com\/wp-content\/uploads\/2026\/03\/logo_eb_pant-1.png.webp\" class=\"attachment-large size-large wp-image-22069\" alt=\"\" srcset=\"https:\/\/sawi.com\/wp-content\/uploads\/2026\/03\/logo_eb_pant-1.png.webp 764w, https:\/\/sawi.com\/wp-content\/uploads\/2026\/03\/logo_eb_pant-1.png-300x69.webp 300w\" sizes=\"(max-width: 764px) 100vw, 764px\" \/>\t\t\t\t\t\t\t\t<\/a>\n\t\t\t\t\t\t\t\t\t\t\t\t\t\t\t<\/div>\n\t\t\t\t<div class=\"elementor-element elementor-element-9214984 dce_masking-none elementor-widget elementor-widget-image\" data-id=\"9214984\" data-element_type=\"widget\" data-e-type=\"widget\" data-widget_type=\"image.default\">\n\t\t\t\t\t\t\t\t\t\t\t\t\t\t\t\t<a href=\"https:\/\/hanswilsdorf.ch\/\" target=\"_blank\" rel=\"noopener\">\n\t\t\t\t\t\t\t<img loading=\"lazy\" decoding=\"async\" width=\"234\" height=\"50\" src=\"https:\/\/sawi.com\/wp-content\/uploads\/2026\/03\/logo.png.webp\" class=\"attachment-large size-large wp-image-22068\" alt=\"\" \/>\t\t\t\t\t\t\t\t<\/a>\n\t\t\t\t\t\t\t\t\t\t\t\t\t\t\t<\/div>\n\t\t\t\t<div class=\"elementor-element elementor-element-d511806 dce_masking-none elementor-widget elementor-widget-image\" data-id=\"d511806\" data-element_type=\"widget\" data-e-type=\"widget\" data-widget_type=\"image.default\">\n\t\t\t\t\t\t\t\t\t\t\t\t\t\t\t\t<a href=\"https:\/\/www.fondation-vm.ch\/fr\/soutien-a-la-formation.html\" target=\"_blank\" rel=\"noopener\">\n\t\t\t\t\t\t\t<img loading=\"lazy\" decoding=\"async\" width=\"231\" height=\"70\" src=\"https:\/\/sawi.com\/wp-content\/uploads\/2026\/03\/logo-1.png.webp\" class=\"attachment-large size-large wp-image-22067\" alt=\"\" \/>\t\t\t\t\t\t\t\t<\/a>\n\t\t\t\t\t\t\t\t\t\t\t\t\t\t\t<\/div>\n\t\t\t\t<div class=\"elementor-element elementor-element-35de508 dce_masking-none elementor-widget elementor-widget-image\" data-id=\"35de508\" data-element_type=\"widget\" data-e-type=\"widget\" data-widget_type=\"image.default\">\n\t\t\t\t\t\t\t\t\t\t\t\t\t\t\t\t<a href=\"https:\/\/www.fhnb.ch\/\" target=\"_blank\" rel=\"noopener\">\n\t\t\t\t\t\t\t<img loading=\"lazy\" decoding=\"async\" width=\"460\" height=\"144\" src=\"https:\/\/sawi.com\/wp-content\/uploads\/2026\/03\/FHNB_logo3.png.webp\" class=\"attachment-large size-large wp-image-22066\" alt=\"\" srcset=\"https:\/\/sawi.com\/wp-content\/uploads\/2026\/03\/FHNB_logo3.png.webp 460w, https:\/\/sawi.com\/wp-content\/uploads\/2026\/03\/FHNB_logo3.png-300x94.webp 300w\" sizes=\"(max-width: 460px) 100vw, 460px\" \/>\t\t\t\t\t\t\t\t<\/a>\n\t\t\t\t\t\t\t\t\t\t\t\t\t\t\t<\/div>\n\t\t\t\t<\/div>\n\t\t\t\t<\/div>\n\t\t<div class=\"elementor-element elementor-element-52c61b3 e-con-full e-flex e-con e-child\" data-id=\"52c61b3\" data-element_type=\"container\" data-e-type=\"container\" data-settings=\"{&quot;background_background&quot;:&quot;classic&quot;}\">\n\t\t\t\t<div class=\"elementor-element elementor-element-7108652 dce_masking-none elementor-widget elementor-widget-video\" data-id=\"7108652\" data-element_type=\"widget\" data-e-type=\"widget\" data-settings=\"{&quot;youtube_url&quot;:&quot;https:\\\/\\\/www.youtube.com\\\/watch?v=1fpmnyylezg&quot;,&quot;video_type&quot;:&quot;youtube&quot;,&quot;controls&quot;:&quot;yes&quot;}\" data-widget_type=\"video.default\">\n\t\t\t\t\t\t\t<div class=\"elementor-wrapper elementor-open-inline\">\n\t\t\t<div class=\"elementor-video\"><\/div>\t\t<\/div>\n\t\t\t\t\t\t<\/div>\n\t\t\t\t<\/div>\n\t\t\t\t\t<\/div>\n\t\t\t\t<\/div>\n\t\t<div class=\"elementor-element elementor-element-672ea2d e-con-full sw-huge__section e-flex e-con e-parent\" data-id=\"672ea2d\" data-element_type=\"container\" data-e-type=\"container\" data-settings=\"{&quot;background_background&quot;:&quot;classic&quot;}\">\n\t\t<div class=\"elementor-element elementor-element-f97f089 e-con-full sw-huge__container-img e-flex e-con e-child\" data-id=\"f97f089\" data-element_type=\"container\" data-e-type=\"container\">\n\t\t\t\t<div class=\"elementor-element elementor-element-00ce513 elementor-absolute sw-huge__img dce_masking-none elementor-widget elementor-widget-image\" data-id=\"00ce513\" data-element_type=\"widget\" data-e-type=\"widget\" data-settings=\"{&quot;_position&quot;:&quot;absolute&quot;}\" data-widget_type=\"image.default\">\n\t\t\t\t\t\t\t\t\t\t\t\t\t\t\t<img loading=\"lazy\" decoding=\"async\" width=\"800\" height=\"534\" src=\"https:\/\/sawi.com\/wp-content\/uploads\/2026\/02\/7-1024x683.webp\" class=\"attachment-large size-large wp-image-21881\" alt=\"\" srcset=\"https:\/\/sawi.com\/wp-content\/uploads\/2026\/02\/7-1024x683.webp 1024w, https:\/\/sawi.com\/wp-content\/uploads\/2026\/02\/7-300x200.webp 300w, https:\/\/sawi.com\/wp-content\/uploads\/2026\/02\/7-768x512.webp 768w, https:\/\/sawi.com\/wp-content\/uploads\/2026\/02\/7.webp 1440w\" sizes=\"(max-width: 800px) 100vw, 800px\" \/>\t\t\t\t\t\t\t\t\t\t\t\t\t\t\t<\/div>\n\t\t\t\t<\/div>\n\t\t<div class=\"elementor-element elementor-element-530a441 e-con-full sw-huge__container-content e-flex e-con e-child\" data-id=\"530a441\" data-element_type=\"container\" data-e-type=\"container\">\n\t\t<div class=\"elementor-element elementor-element-aaebb59 e-con-full e-flex e-con e-child\" data-id=\"aaebb59\" data-element_type=\"container\" data-e-type=\"container\">\n\t\t\t\t<div class=\"elementor-element elementor-element-0a7003a elementor-widget elementor-widget-heading\" data-id=\"0a7003a\" data-element_type=\"widget\" data-e-type=\"widget\" data-widget_type=\"heading.default\">\n\t\t\t\t\t<h2 class=\"elementor-heading-title elementor-size-default\">Brauchen Sie einen Finanzierungsplan?<\/h2>\t\t\t\t<\/div>\n\t\t\t\t<div class=\"elementor-element elementor-element-cded812 elementor-widget elementor-widget-text-editor\" data-id=\"cded812\" data-element_type=\"widget\" data-e-type=\"widget\" data-widget_type=\"text-editor.default\">\n\t\t\t\t\t\t\t\t\t<p>Kontaktieren Sie unsere Berater, um Ihren pers\u00f6nlichen Finanzierungsplan zu erstellen.<\/p>\t\t\t\t\t\t\t\t<\/div>\n\t\t\t\t<\/div>\n\t\t\t\t<div class=\"elementor-element elementor-element-48834c4 elementor-widget elementor-widget-button\" data-id=\"48834c4\" data-element_type=\"widget\" data-e-type=\"widget\" data-widget_type=\"button.default\">\n\t\t\t\t\t\t\t\t\t\t<a class=\"elementor-button elementor-button-link elementor-size-sm\" href=\"https:\/\/q81vpbtwbc.preview.infomaniak.website\/de\/persoenliches-gespraech\/\" target=\"_blank\" rel=\"noopener\">\n\t\t\t\t\t\t<span class=\"elementor-button-content-wrapper\">\n\t\t\t\t\t\t\t\t\t<span class=\"elementor-button-text\">Mein Einzelgespr\u00e4ch buchen<\/span>\n\t\t\t\t\t<\/span>\n\t\t\t\t\t<\/a>\n\t\t\t\t\t\t\t\t<\/div>\n\t\t\t\t<\/div>\n\t\t\t\t<\/div>\n\t\t\t\t<\/div>\n\t\t","protected":false},"excerpt":{"rendered":"<p>Finanzierung Ihrer Ausbildung F\u00fcr Ihre Ausbildung stehen Ihnen verschiedene M\u00f6glichkeiten der externen Finanzierung zur Verf\u00fcgung Sehen Sie sich die Finanzierungsm\u00f6glichkeiten an Ausbildungen vom Typ Bundespatent\/Diplom oder Marcom Sie k\u00f6nnen F\u00f6rdermittel erhalten. Alle Informationen finden Sie auf der Website des SBI (Rubrik \u00abH\u00f6here Berufsbildung\u00bb \u00abBeitr\u00e4ge f\u00fcr Vorbereitungskurse auf eidgen\u00f6ssische Pr\u00fcfungen\u00bb). Einige wichtige Informationen sind auch auf [&hellip;]<\/p>\n","protected":false},"author":1,"featured_media":0,"parent":0,"menu_order":0,"comment_status":"closed","ping_status":"closed","template":"","meta":{"_acf_changed":false,"footnotes":""},"class_list":["post-1852","page","type-page","status-publish","hentry"],"acf":[],"_links":{"self":[{"href":"https:\/\/sawi.com\/de\/wp-json\/wp\/v2\/pages\/1852","targetHints":{"allow":["GET"]}}],"collection":[{"href":"https:\/\/sawi.com\/de\/wp-json\/wp\/v2\/pages"}],"about":[{"href":"https:\/\/sawi.com\/de\/wp-json\/wp\/v2\/types\/page"}],"author":[{"embeddable":true,"href":"https:\/\/sawi.com\/de\/wp-json\/wp\/v2\/users\/1"}],"replies":[{"embeddable":true,"href":"https:\/\/sawi.com\/de\/wp-json\/wp\/v2\/comments?post=1852"}],"version-history":[{"count":9,"href":"https:\/\/sawi.com\/de\/wp-json\/wp\/v2\/pages\/1852\/revisions"}],"predecessor-version":[{"id":22434,"href":"https:\/\/sawi.com\/de\/wp-json\/wp\/v2\/pages\/1852\/revisions\/22434"}],"wp:attachment":[{"href":"https:\/\/sawi.com\/de\/wp-json\/wp\/v2\/media?parent=1852"}],"curies":[{"name":"wp","href":"https:\/\/api.w.org\/{rel}","templated":true}]}}