{"id":14064,"date":"2024-07-18T11:41:18","date_gmt":"2024-07-18T09:41:18","guid":{"rendered":"https:\/\/sawi.com\/produit\/marcom-junior-marketing-professional-printemps-2025\/"},"modified":"2026-03-03T18:03:36","modified_gmt":"2026-03-03T17:03:36","slug":"marcom-junior-marketing-professional-printemps-2025","status":"publish","type":"product","link":"https:\/\/sawi.com\/produit\/marcom-junior-marketing-professional-printemps-2025\/","title":{"rendered":"Junior Marketing Professional &amp; MarCom+ &#8211; 2025 &#8211; Session 1"},"content":{"rendered":"","protected":false},"excerpt":{"rendered":"<p>29\/04\/2025 au 25\/10\/2025 &#8211; Derni\u00e8re chance pour vous inscrire\u202f!<\/p>\n","protected":false},"featured_media":0,"comment_status":"closed","ping_status":"closed","template":"","meta":{"_acf_changed":false,"_et_pb_use_builder":"on","_et_pb_old_content":"<h2>G\u00e9n\u00e9raliste en Marketing & Communication<\/h2>\r\nLa formation MarCom+\u00a0\u00a0est une formation de base dans les m\u00e9tiers du marketing, de la vente, de la communication et des relations publiques. Elle permet d\u2019acqu\u00e9rir tous les savoirs et comp\u00e9tences indispensables pour \u00e9voluer professionnellement dans ces secteurs d\u2019activit\u00e9.\r\n\r\nPanorama global, elle permet aux participants\/es de mieux appr\u00e9hender les diff\u00e9rentes fili\u00e8res et d\u2019effectuer le meilleur choix de sp\u00e9cialisation, en fonction de son parcours individuel et de ses int\u00e9r\u00eats personnels.\r\n\r\nMarCom+ est ainsi la porte d'entr\u00e9e aux m\u00e9tiers du marketing et de la communication\u00a0et, par extension, \u00e0 tous les cours propos\u00e9s au SAWI.\r\n\r\nMenant au Certificat SAWI d'assistant en Marketing et Communication, MarCom+ est structur\u00e9 en deux parties :\r\n\r\n1. Connaissances th\u00e9oriques\r\n\r\n2. Mise en pratique\u00a0au travers de mini cas concrets\r\n\r\nLes \u00e9tudiants sont \u00e9galement amen\u00e9s \u00e0 d\u00e9velopper des comp\u00e9tences suppl\u00e9mentaires, relationnelles et sociales (soft skills), de plus en plus requises par les employeurs, \u00e0 travers la r\u00e9daction et la soutenance d\u2019un m\u00e9moire d\u2019\u00e9tudes.\r\n\r\nCette formation est propos\u00e9e en collaboration avec\u00a0<a href=\"https:\/\/fmpformation.com\/\" target=\"_blank\" rel=\"noopener\">FMP formation<\/a>\u00a0avec une approche p\u00e9dagogique alliant cours en pr\u00e9sence donn\u00e9s par des intervenants \u2013 experts SAWI pour renforcer la pratique, et travail en autonomie pour acqu\u00e9rir la th\u00e9orie \u00e0 l\u2019aide des supports de cours d\u00e9taill\u00e9s et d\u00e9velopp\u00e9s par FMP Formation.\r\n\r\nToute personne poursuivant jusqu\u2019\u00e0 un Brevet f\u00e9d\u00e9ral (quelle que soit la fili\u00e8re et m\u00eame en cas d\u2019\u00e9chec \u00e0 l\u2019examen) pourra se faire rembourser 50% de sa finance d\u2019inscription.","_et_gb_content_width":"","inline_featured_image":false,"_price":"7200.00","_stock":"","_tribe_ticket_header":"","_tribe_default_ticket_provider":"","_tribe_ticket_capacity":"-1","_ticket_start_date":"2024-07-18 00:00:00","_ticket_end_date":"2025-05-15 00:00:00","_tribe_ticket_show_description":"yes","_tribe_ticket_show_not_going":false,"_tribe_ticket_use_global_stock":"","_tribe_ticket_global_stock_level":"","_global_stock_mode":"","_global_stock_cap":"","_tribe_rsvp_for_event":"","_tribe_ticket_going_count":"","_tribe_ticket_not_going_count":"","_tribe_tickets_list":"[]","_tribe_ticket_has_attendee_info_fields":false,"_tec_slr_enabled":"","_tec_slr_layout":""},"product_brand":[],"product_cat":[],"product_tag":[],"class_list":{"0":"post-14064","1":"product","2":"type-product","3":"status-publish","6":"first","7":"instock","8":"virtual","9":"taxable","10":"purchasable","11":"product-type-simple"},"acf":[],"_links":{"self":[{"href":"https:\/\/sawi.com\/de\/wp-json\/wp\/v2\/product\/14064","targetHints":{"allow":["GET"]}}],"collection":[{"href":"https:\/\/sawi.com\/de\/wp-json\/wp\/v2\/product"}],"about":[{"href":"https:\/\/sawi.com\/de\/wp-json\/wp\/v2\/types\/product"}],"replies":[{"embeddable":true,"href":"https:\/\/sawi.com\/de\/wp-json\/wp\/v2\/comments?post=14064"}],"wp:attachment":[{"href":"https:\/\/sawi.com\/de\/wp-json\/wp\/v2\/media?parent=14064"}],"wp:term":[{"taxonomy":"product_brand","embeddable":true,"href":"https:\/\/sawi.com\/de\/wp-json\/wp\/v2\/product_brand?post=14064"},{"taxonomy":"product_cat","embeddable":true,"href":"https:\/\/sawi.com\/de\/wp-json\/wp\/v2\/product_cat?post=14064"},{"taxonomy":"product_tag","embeddable":true,"href":"https:\/\/sawi.com\/de\/wp-json\/wp\/v2\/product_tag?post=14064"}],"curies":[{"name":"wp","href":"https:\/\/api.w.org\/{rel}","templated":true}]}}