{"id":14073,"date":"2024-07-18T13:24:52","date_gmt":"2024-07-18T11:24:52","guid":{"rendered":"https:\/\/sawi.com\/produit\/reseaux-sociaux-niveau-1-initiation-a-la-pratique-professionnelle-des-reseaux-sociaux-printemps-2025\/"},"modified":"2025-05-09T09:49:43","modified_gmt":"2025-05-09T07:49:43","slug":"reseaux-sociaux-niveau-1-initiation-a-la-pratique-professionnelle-des-reseaux-sociaux-printemps-2025","status":"publish","type":"product","link":"https:\/\/sawi.com\/produit\/reseaux-sociaux-niveau-1-initiation-a-la-pratique-professionnelle-des-reseaux-sociaux-printemps-2025\/","title":{"rendered":"Community Manager &#8211; 2025 &#8211; Session 1"},"content":{"rendered":"","protected":false},"excerpt":{"rendered":"<p>28\/01\/2025 au 13\/02\/2025 (dates susceptibles de modification)<\/p>\n","protected":false},"featured_media":0,"comment_status":"closed","ping_status":"closed","template":"","meta":{"_acf_changed":false,"_et_pb_use_builder":"on","_et_pb_old_content":"Pour int\u00e9grer une utilisation professionnelle des r\u00e9seaux sociaux et qu'Instagram et Facebook n'aient plus aucun secret pour vous !\r\n\r\nR\u00e9guli\u00e8rement, les r\u00e9seaux sociaux comme Facebook, Instagram ou LinkedIn font peau neuve. Leurs codes et usages changent, leurs fonctionnalit\u00e9s \u00e9voluent et le nombre de mises \u00e0 jour effectu\u00e9es est \u00e0\u00a0 donner le tournis. Avec ces changements constants, tant sur leur aspect technologique que dans les pratiques des utilisateurs, il est n\u00e9cessaire de se remettre \u00e0 jour afin de rester \u00e0 la pointe dans leur utilisation.","_et_gb_content_width":"","inline_featured_image":false,"_price":"650.00","_stock":"","_tribe_ticket_header":"","_tribe_default_ticket_provider":"","_tribe_ticket_capacity":"-1","_ticket_start_date":"2024-07-18 00:00:00","_ticket_end_date":"2025-01-29 00:00:00","_tribe_ticket_show_description":"yes","_tribe_ticket_show_not_going":false,"_tribe_ticket_use_global_stock":"","_tribe_ticket_global_stock_level":"","_global_stock_mode":"","_global_stock_cap":"","_tribe_rsvp_for_event":"","_tribe_ticket_going_count":"","_tribe_ticket_not_going_count":"","_tribe_tickets_list":"[]","_tribe_ticket_has_attendee_info_fields":false,"_tec_slr_enabled":"","_tec_slr_layout":""},"product_brand":[],"product_cat":[],"product_tag":[],"class_list":{"0":"post-14073","1":"product","2":"type-product","3":"status-publish","6":"first","7":"instock","8":"virtual","9":"taxable","10":"purchasable","11":"product-type-simple"},"acf":[],"_links":{"self":[{"href":"https:\/\/sawi.com\/de\/wp-json\/wp\/v2\/product\/14073","targetHints":{"allow":["GET"]}}],"collection":[{"href":"https:\/\/sawi.com\/de\/wp-json\/wp\/v2\/product"}],"about":[{"href":"https:\/\/sawi.com\/de\/wp-json\/wp\/v2\/types\/product"}],"replies":[{"embeddable":true,"href":"https:\/\/sawi.com\/de\/wp-json\/wp\/v2\/comments?post=14073"}],"wp:attachment":[{"href":"https:\/\/sawi.com\/de\/wp-json\/wp\/v2\/media?parent=14073"}],"wp:term":[{"taxonomy":"product_brand","embeddable":true,"href":"https:\/\/sawi.com\/de\/wp-json\/wp\/v2\/product_brand?post=14073"},{"taxonomy":"product_cat","embeddable":true,"href":"https:\/\/sawi.com\/de\/wp-json\/wp\/v2\/product_cat?post=14073"},{"taxonomy":"product_tag","embeddable":true,"href":"https:\/\/sawi.com\/de\/wp-json\/wp\/v2\/product_tag?post=14073"}],"curies":[{"name":"wp","href":"https:\/\/api.w.org\/{rel}","templated":true}]}}