{"id":14085,"date":"2024-07-18T14:22:32","date_gmt":"2024-07-18T12:22:32","guid":{"rendered":"https:\/\/sawi.com\/produit\/sales-key-account-management-automne-2025\/"},"modified":"2025-12-10T16:15:19","modified_gmt":"2025-12-10T15:15:19","slug":"sales-key-account-management-automne-2025","status":"publish","type":"product","link":"https:\/\/sawi.com\/produit\/sales-key-account-management-automne-2025\/","title":{"rendered":"Sales Key Account Management &#8211; 2026"},"content":{"rendered":"","protected":false},"excerpt":{"rendered":"<p>Dates \u00e0 venir<\/p>\n","protected":false},"featured_media":0,"comment_status":"closed","ping_status":"closed","template":"","meta":{"_acf_changed":false,"_et_pb_use_builder":"on","_et_pb_old_content":"Tirez le meilleur parti de vos relations clients.\r\n\r\nLe succ\u00e8s commercial n\u2019est pas un produit du hasard. Une gestion r\u00e9ussie des grands comptes n\u00e9cessite une \u00e9valuation et un d\u00e9veloppement r\u00e9guliers \u00e0 diff\u00e9rents niveaux : des processus clients aux comp\u00e9tences personnelles en passant par la gestion d'\u00e9quipe, la gestion de projet et la mesure des r\u00e9sultats.","_et_gb_content_width":"","inline_featured_image":false,"_price":"4250.00","_stock":"-1","_tribe_ticket_header":"","_tribe_default_ticket_provider":"","_tribe_ticket_capacity":"0","_ticket_start_date":"2024-07-18 00:00:00","_ticket_end_date":"2025-10-09 00:00:00","_tribe_ticket_show_description":"yes","_tribe_ticket_show_not_going":false,"_tribe_ticket_use_global_stock":"","_tribe_ticket_global_stock_level":"","_global_stock_mode":"own","_global_stock_cap":"","_tribe_rsvp_for_event":"","_tribe_ticket_going_count":"","_tribe_ticket_not_going_count":"","_tribe_tickets_list":"[]","_tribe_ticket_has_attendee_info_fields":false,"_tec_slr_enabled":"","_tec_slr_layout":""},"product_brand":[],"product_cat":[],"product_tag":[],"class_list":{"0":"post-14085","1":"product","2":"type-product","3":"status-publish","6":"first","7":"outofstock","8":"virtual","9":"taxable","10":"purchasable","11":"product-type-simple"},"acf":[],"_links":{"self":[{"href":"https:\/\/sawi.com\/de\/wp-json\/wp\/v2\/product\/14085","targetHints":{"allow":["GET"]}}],"collection":[{"href":"https:\/\/sawi.com\/de\/wp-json\/wp\/v2\/product"}],"about":[{"href":"https:\/\/sawi.com\/de\/wp-json\/wp\/v2\/types\/product"}],"replies":[{"embeddable":true,"href":"https:\/\/sawi.com\/de\/wp-json\/wp\/v2\/comments?post=14085"}],"wp:attachment":[{"href":"https:\/\/sawi.com\/de\/wp-json\/wp\/v2\/media?parent=14085"}],"wp:term":[{"taxonomy":"product_brand","embeddable":true,"href":"https:\/\/sawi.com\/de\/wp-json\/wp\/v2\/product_brand?post=14085"},{"taxonomy":"product_cat","embeddable":true,"href":"https:\/\/sawi.com\/de\/wp-json\/wp\/v2\/product_cat?post=14085"},{"taxonomy":"product_tag","embeddable":true,"href":"https:\/\/sawi.com\/de\/wp-json\/wp\/v2\/product_tag?post=14085"}],"curies":[{"name":"wp","href":"https:\/\/api.w.org\/{rel}","templated":true}]}}