{"id":15755,"date":"2024-12-18T09:14:39","date_gmt":"2024-12-18T08:14:39","guid":{"rendered":"https:\/\/sawi.com\/produit\/specialiste-en-intelligence-artificielle-cours-avance-automne-2025copy\/"},"modified":"2025-11-20T14:51:11","modified_gmt":"2025-11-20T13:51:11","slug":"specialiste-en-intelligence-artificielle-cours-avance-automne-2025copy","status":"publish","type":"product","link":"https:\/\/sawi.com\/produit\/specialiste-en-intelligence-artificielle-cours-avance-automne-2025copy\/","title":{"rendered":"Sp\u00e9cialiste en Intelligence Artificielle &#8211; 2025 &#8211; Cours avanc\u00e9 &#8211; Session 1"},"content":{"rendered":"","protected":false},"excerpt":{"rendered":"<p>26\/03\/2025 au 21\/06\/2025<\/p>\n","protected":false},"featured_media":0,"comment_status":"closed","ping_status":"closed","template":"","meta":{"_acf_changed":false,"_et_pb_use_builder":"on","_et_pb_old_content":"Cette formation vise \u00e0 fournir aux professionnels du marketing et de la communication les outils IA indispensables pour se d\u00e9marquer sur le march\u00e9 du travail et anticiper les \u00e9volutions de la transformation digitale.\r\n\r\nQue ce soit pour la vente, la marketing ou la communication, la ma\u00eetrise de l\u2019intelligence artificielle vous donne une longueur d'avance, et des comp\u00e9tences tr\u00e8s recherch\u00e9es par les entreprises suisses.\r\n\r\nNos experts ont con\u00e7u cette formation en fonction des tendances actuelles et futures du march\u00e9 : chaque \u00e9volution et progr\u00e8s des outils de l'IA sera abord\u00e9e, afin de vous garantir une ma\u00eetrise des outils IA les plus avanc\u00e9s possibles.","_et_gb_content_width":"","inline_featured_image":false,"_price":"2600.00","_stock":"4","_tribe_ticket_header":"","_tribe_default_ticket_provider":"","_tribe_ticket_capacity":"12","_ticket_start_date":"2024-07-18 00:00:00","_ticket_end_date":"2025-04-01 00:00:00","_tribe_ticket_show_description":"yes","_tribe_ticket_show_not_going":false,"_tribe_ticket_use_global_stock":"","_tribe_ticket_global_stock_level":"","_global_stock_mode":"own","_global_stock_cap":"","_tribe_rsvp_for_event":"","_tribe_ticket_going_count":"","_tribe_ticket_not_going_count":"","_tribe_tickets_list":"[]","_tribe_ticket_has_attendee_info_fields":false,"_tec_slr_enabled":"","_tec_slr_layout":""},"product_brand":[],"product_cat":[],"product_tag":[],"class_list":{"0":"post-15755","1":"product","2":"type-product","3":"status-publish","6":"first","7":"instock","8":"virtual","9":"taxable","10":"purchasable","11":"product-type-simple"},"acf":[],"_links":{"self":[{"href":"https:\/\/sawi.com\/de\/wp-json\/wp\/v2\/product\/15755","targetHints":{"allow":["GET"]}}],"collection":[{"href":"https:\/\/sawi.com\/de\/wp-json\/wp\/v2\/product"}],"about":[{"href":"https:\/\/sawi.com\/de\/wp-json\/wp\/v2\/types\/product"}],"replies":[{"embeddable":true,"href":"https:\/\/sawi.com\/de\/wp-json\/wp\/v2\/comments?post=15755"}],"wp:attachment":[{"href":"https:\/\/sawi.com\/de\/wp-json\/wp\/v2\/media?parent=15755"}],"wp:term":[{"taxonomy":"product_brand","embeddable":true,"href":"https:\/\/sawi.com\/de\/wp-json\/wp\/v2\/product_brand?post=15755"},{"taxonomy":"product_cat","embeddable":true,"href":"https:\/\/sawi.com\/de\/wp-json\/wp\/v2\/product_cat?post=15755"},{"taxonomy":"product_tag","embeddable":true,"href":"https:\/\/sawi.com\/de\/wp-json\/wp\/v2\/product_tag?post=15755"}],"curies":[{"name":"wp","href":"https:\/\/api.w.org\/{rel}","templated":true}]}}