{"id":15793,"date":"2024-12-19T16:45:52","date_gmt":"2024-12-19T15:45:52","guid":{"rendered":"https:\/\/sawi.com\/produit\/spezialist-fur-kunstliche-intelligenz-grundkurs-fruhjahr-2025copy\/"},"modified":"2024-12-19T16:45:53","modified_gmt":"2024-12-19T15:45:53","slug":"spezialist-fur-kunstliche-intelligenz-grundkurs-fruhjahr-2025copy","status":"publish","type":"product","link":"https:\/\/sawi.com\/produit\/spezialist-fur-kunstliche-intelligenz-grundkurs-fruhjahr-2025copy\/","title":{"rendered":"Spezialist f\u00fcr K\u00fcnstliche Intelligenz &#8211; Grundkurs &#8211; Fr\u00fchjahr 2025(copy)"},"content":{"rendered":"","protected":false},"excerpt":{"rendered":"<p>15\/03\/2025 &#8211; 31\/03\/2025 (Daten k\u00f6nnen sich \u00e4ndern)<\/p>\n","protected":false},"featured_media":0,"comment_status":"","ping_status":"closed","template":"","meta":{"_acf_changed":false,"_et_pb_use_builder":"on","_et_pb_old_content":"<p>[et_pb_section fb_built=\"1\" admin_label=\"section\" _builder_version=\"4.16\" global_colors_info=\"{}\"][et_pb_row admin_label=\"row\" _builder_version=\"4.16\" background_size=\"initial\" background_position=\"top_left\" background_repeat=\"repeat\" global_colors_info=\"{}\"][et_pb_column type=\"4_4\" _builder_version=\"4.16\" custom_padding=\"|||\" global_colors_info=\"{}\" custom_padding__hover=\"|||\"][et_pb_text admin_label=\"Text\" _builder_version=\"4.16\" background_size=\"initial\" background_position=\"top_left\" background_repeat=\"repeat\" global_colors_info=\"{}\"]Die wichtigsten Grundlagen des modernen Marketings.<\/p><p>Marketing Manager in allen Branchen befassen sich sowohl mit Chancen als auch mit Problemen der digitalen Transformation und k\u00e4mpfen mit Themen wie:<\/p><ul><li>Welche Ziele k\u00f6nnen wir durch digitales Marketing erreichen<\/li><li>Wie k\u00f6nnen wir neue digitale Projekte in bestehende Marketingprogramme integrieren?<\/li><li>Wie k\u00f6nnen wir im Zeitalter der Social Collaboration eine passende Branding-Strategie entwickeln?<\/li><li>Welche Arten von Inhalten\u00a0sollten wir f\u00fcr unterschiedliche Plattformen entwickeln und wie koordinieren wir diese Aktivit\u00e4ten?<\/li><\/ul><p>[\/et_pb_text][\/et_pb_column][\/et_pb_row][\/et_pb_section]<\/p>","_et_gb_content_width":"","inline_featured_image":false,"_price":"1950.00","_stock":"12","_tribe_ticket_header":"","_tribe_default_ticket_provider":"","_tribe_ticket_capacity":"12","_ticket_start_date":"2023-01-01 00:00:00","_ticket_end_date":"2025-03-16 00:00:00","_tribe_ticket_show_description":"yes","_tribe_ticket_show_not_going":false,"_tribe_ticket_use_global_stock":"","_tribe_ticket_global_stock_level":"","_global_stock_mode":"own","_global_stock_cap":"","_tribe_rsvp_for_event":"","_tribe_ticket_going_count":"","_tribe_ticket_not_going_count":"","_tribe_tickets_list":"[]","_tribe_ticket_has_attendee_info_fields":false,"_tec_slr_enabled":"","_tec_slr_layout":""},"product_brand":[],"product_cat":[],"product_tag":[],"class_list":{"0":"post-15793","1":"product","2":"type-product","3":"status-publish","6":"first","7":"instock","8":"virtual","9":"taxable","10":"purchasable","11":"product-type-simple"},"acf":[],"_links":{"self":[{"href":"https:\/\/sawi.com\/de\/wp-json\/wp\/v2\/product\/15793","targetHints":{"allow":["GET"]}}],"collection":[{"href":"https:\/\/sawi.com\/de\/wp-json\/wp\/v2\/product"}],"about":[{"href":"https:\/\/sawi.com\/de\/wp-json\/wp\/v2\/types\/product"}],"replies":[{"embeddable":true,"href":"https:\/\/sawi.com\/de\/wp-json\/wp\/v2\/comments?post=15793"}],"wp:attachment":[{"href":"https:\/\/sawi.com\/de\/wp-json\/wp\/v2\/media?parent=15793"}],"wp:term":[{"taxonomy":"product_brand","embeddable":true,"href":"https:\/\/sawi.com\/de\/wp-json\/wp\/v2\/product_brand?post=15793"},{"taxonomy":"product_cat","embeddable":true,"href":"https:\/\/sawi.com\/de\/wp-json\/wp\/v2\/product_cat?post=15793"},{"taxonomy":"product_tag","embeddable":true,"href":"https:\/\/sawi.com\/de\/wp-json\/wp\/v2\/product_tag?post=15793"}],"curies":[{"name":"wp","href":"https:\/\/api.w.org\/{rel}","templated":true}]}}