{"id":20277,"date":"2025-09-02T18:59:07","date_gmt":"2025-09-02T16:59:07","guid":{"rendered":"https:\/\/sawi.com\/produit\/diplome-sawi-specialiste-en-relations-publiques-2026\/"},"modified":"2026-03-12T14:36:35","modified_gmt":"2026-03-12T13:36:35","slug":"diplome-sawi-specialiste-en-relations-publiques-2026","status":"publish","type":"product","link":"https:\/\/sawi.com\/produit\/diplome-sawi-specialiste-en-relations-publiques-2026\/","title":{"rendered":"Strat\u00e9gie de Communication et Relations Publiques &#8211; 2026"},"content":{"rendered":"","protected":false},"excerpt":{"rendered":"<p>du 28\/09\/2026 au 30\/01\/2027<\/p>\n","protected":false},"featured_media":0,"comment_status":"closed","ping_status":"closed","template":"","meta":{"_acf_changed":false,"_et_pb_use_builder":"on","_et_pb_old_content":"Pr\u00e9parer les dipl\u00f4mes de r\u00e9f\u00e9rence en Relations Publiques.\r\n\r\nLe SAWI est heureux de proposer cette nouvelle formation qui assure la p\u00e9rennit\u00e9 du savoir-faire historique du SPRI : depuis 20 ans la meilleure pr\u00e9paration \u00e0 l\u2019obtention du Brevet F\u00e9d\u00e9ral en RP.\r\n\r\n\u00a0","_et_gb_content_width":"","inline_featured_image":false,"_price":"5900.00","_stock":"","_tribe_ticket_header":"","_tribe_default_ticket_provider":"","_tribe_ticket_capacity":"-1","_ticket_start_date":"2025-09-02 00:00:00","_ticket_end_date":"2026-10-16 00:00:00","_tribe_ticket_show_description":"yes","_tribe_ticket_show_not_going":false,"_tribe_ticket_use_global_stock":"","_tribe_ticket_global_stock_level":"","_global_stock_mode":"","_global_stock_cap":"","_tribe_rsvp_for_event":"","_tribe_ticket_going_count":"","_tribe_ticket_not_going_count":"","_tribe_tickets_list":"[]","_tribe_ticket_has_attendee_info_fields":false,"_tec_slr_enabled":"","_tec_slr_layout":""},"product_brand":[],"product_cat":[],"product_tag":[],"class_list":{"0":"post-20277","1":"product","2":"type-product","3":"status-publish","6":"first","7":"instock","8":"virtual","9":"taxable","10":"purchasable","11":"product-type-simple"},"acf":[],"_links":{"self":[{"href":"https:\/\/sawi.com\/de\/wp-json\/wp\/v2\/product\/20277","targetHints":{"allow":["GET"]}}],"collection":[{"href":"https:\/\/sawi.com\/de\/wp-json\/wp\/v2\/product"}],"about":[{"href":"https:\/\/sawi.com\/de\/wp-json\/wp\/v2\/types\/product"}],"replies":[{"embeddable":true,"href":"https:\/\/sawi.com\/de\/wp-json\/wp\/v2\/comments?post=20277"}],"wp:attachment":[{"href":"https:\/\/sawi.com\/de\/wp-json\/wp\/v2\/media?parent=20277"}],"wp:term":[{"taxonomy":"product_brand","embeddable":true,"href":"https:\/\/sawi.com\/de\/wp-json\/wp\/v2\/product_brand?post=20277"},{"taxonomy":"product_cat","embeddable":true,"href":"https:\/\/sawi.com\/de\/wp-json\/wp\/v2\/product_cat?post=20277"},{"taxonomy":"product_tag","embeddable":true,"href":"https:\/\/sawi.com\/de\/wp-json\/wp\/v2\/product_tag?post=20277"}],"curies":[{"name":"wp","href":"https:\/\/api.w.org\/{rel}","templated":true}]}}