{"id":20732,"date":"2025-10-21T12:11:04","date_gmt":"2025-10-21T10:11:04","guid":{"rendered":"https:\/\/sawi.com\/produit\/sales-director-sawi-preparation-au-diplome-federal-de-chef-de-vente-2024copy\/"},"modified":"2025-10-21T12:12:38","modified_gmt":"2025-10-21T10:12:38","slug":"sales-director-sawi-preparation-au-diplome-federal-de-chef-de-vente-2024copy","status":"publish","type":"product","link":"https:\/\/sawi.com\/produit\/sales-director-sawi-preparation-au-diplome-federal-de-chef-de-vente-2024copy\/","title":{"rendered":"Sales Director SAWI + Pr\u00e9paration au dipl\u00f4me f\u00e9d\u00e9ral de Chef de vente &#8211; 2026"},"content":{"rendered":"","protected":false},"excerpt":{"rendered":"<p>02\/09\/2026 &#8211; 30\/09\/2027 <\/p>\n","protected":false},"featured_media":0,"comment_status":"closed","ping_status":"closed","template":"","meta":{"_acf_changed":false,"_et_pb_use_builder":"on","_et_pb_old_content":"Obtenez le dipl\u00f4me f\u00e9d\u00e9ral de Chef de vente\u00a0 gr\u00e2ce \u00e0 une formation de haut niveau reconnue par la conf\u00e9d\u00e9ration.\r\n\r\nLe chef de vente a une position strat\u00e9gique et manag\u00e9riale cl\u00e9 dans l\u2019entreprise. En charge de la strat\u00e9gie commerciale, il pilote l\u2019ensemble des processus de vente et s\u2019assure d\u2019atteindre les objectifs fix\u00e9s pour assurer sa rentabilit\u00e9 tout en encadrant et formant son \u00e9quipe de vente. Destin\u00e9e aux cadres dirigeants actifs depuis plusieurs ann\u00e9es dans les domaines rattach\u00e9s (vente, marketing, finances, management), cette formation de haut niveau permet d\u2019attester de son exp\u00e9rience et de ses connaissances afin de passer un nouveau cap dans sa carri\u00e8re.\r\n\r\nLa formation constitue une pr\u00e9paration \u00e0 un examen interne permettant l'obtention d'un dipl\u00f4me SAWI de Sales Director et, pour les candidats qui le souhaitent, \u00e0 une pr\u00e9paration intensive aux examens du dipl\u00f4me f\u00e9d\u00e9ral de Chef de Vente.","_et_gb_content_width":"","inline_featured_image":false,"_price":"16850.00","_stock":"","_tribe_ticket_header":"","_tribe_default_ticket_provider":"","_tribe_ticket_capacity":"-1","_ticket_start_date":"2023-07-01 00:00:00","_ticket_end_date":"2026-09-09 00:00:00","_tribe_ticket_show_description":"yes","_tribe_ticket_show_not_going":false,"_tribe_ticket_use_global_stock":"","_tribe_ticket_global_stock_level":"","_global_stock_mode":"","_global_stock_cap":"","_tribe_rsvp_for_event":"","_tribe_ticket_going_count":"","_tribe_ticket_not_going_count":"","_tribe_tickets_list":"[]","_tribe_ticket_has_attendee_info_fields":false,"_tec_slr_enabled":"","_tec_slr_layout":""},"product_brand":[],"product_cat":[],"product_tag":[],"class_list":{"0":"post-20732","1":"product","2":"type-product","3":"status-publish","6":"first","7":"instock","8":"virtual","9":"taxable","10":"purchasable","11":"product-type-simple"},"acf":[],"_links":{"self":[{"href":"https:\/\/sawi.com\/de\/wp-json\/wp\/v2\/product\/20732","targetHints":{"allow":["GET"]}}],"collection":[{"href":"https:\/\/sawi.com\/de\/wp-json\/wp\/v2\/product"}],"about":[{"href":"https:\/\/sawi.com\/de\/wp-json\/wp\/v2\/types\/product"}],"replies":[{"embeddable":true,"href":"https:\/\/sawi.com\/de\/wp-json\/wp\/v2\/comments?post=20732"}],"wp:attachment":[{"href":"https:\/\/sawi.com\/de\/wp-json\/wp\/v2\/media?parent=20732"}],"wp:term":[{"taxonomy":"product_brand","embeddable":true,"href":"https:\/\/sawi.com\/de\/wp-json\/wp\/v2\/product_brand?post=20732"},{"taxonomy":"product_cat","embeddable":true,"href":"https:\/\/sawi.com\/de\/wp-json\/wp\/v2\/product_cat?post=20732"},{"taxonomy":"product_tag","embeddable":true,"href":"https:\/\/sawi.com\/de\/wp-json\/wp\/v2\/product_tag?post=20732"}],"curies":[{"name":"wp","href":"https:\/\/api.w.org\/{rel}","templated":true}]}}