{"id":21832,"date":"2026-02-03T18:23:04","date_gmt":"2026-02-03T17:23:04","guid":{"rendered":"https:\/\/sawi.com\/produit\/praticien-en-intelligence-artificielle-2026-session-1copy-2\/"},"modified":"2026-03-12T14:29:42","modified_gmt":"2026-03-12T13:29:42","slug":"praticien-en-intelligence-artificielle-2026-session-1copy-2","status":"publish","type":"product","link":"https:\/\/sawi.com\/produit\/praticien-en-intelligence-artificielle-2026-session-1copy-2\/","title":{"rendered":"Praticien en Intelligence Artificielle + Sp\u00e9cialiste en IA vente &#8211; 2026 &#8211; Session 2"},"content":{"rendered":"","protected":false},"excerpt":{"rendered":"<p>du 18\/05\/2026 au 29\/06\/2026 + du 01\/07\/2026 au 26\/08\/2026<\/p>\n","protected":false},"featured_media":0,"comment_status":"closed","ping_status":"closed","template":"","meta":{"_acf_changed":false,"_et_pb_use_builder":"on","_et_pb_old_content":"<p>[et_pb_section fb_built=\"1\" admin_label=\"section\" _builder_version=\"4.16\" global_colors_info=\"{}\"][et_pb_row admin_label=\"row\" _builder_version=\"4.16\" background_size=\"initial\" background_position=\"top_left\" background_repeat=\"repeat\" global_colors_info=\"{}\"][et_pb_column type=\"4_4\" _builder_version=\"4.16\" custom_padding=\"|||\" global_colors_info=\"{}\" custom_padding__hover=\"|||\"][et_pb_text admin_label=\"Text\" _builder_version=\"4.16\" background_size=\"initial\" background_position=\"top_left\" background_repeat=\"repeat\" global_colors_info=\"{}\"]Cette formation vise \u00e0 fournir aux professionnels du marketing et de la communication les outils IA indispensables pour se d\u00e9marquer sur le march\u00e9 du travail et anticiper les \u00e9volutions de la transformation digitale.<\/p><p>Que ce soit pour la vente, la marketing ou la communication, la ma\u00eetrise de l\u2019intelligence artificielle vous donne une longueur d'avance, et des comp\u00e9tences tr\u00e8s recherch\u00e9es par les entreprises suisses.<\/p><p>Nos experts ont con\u00e7u cette formation en fonction des tendances actuelles et futures du march\u00e9 : chaque \u00e9volution et progr\u00e8s des outils de l'IA sera abord\u00e9e, afin de vous garantir une ma\u00eetrise des outils IA les plus avanc\u00e9s possibles.[\/et_pb_text][\/et_pb_column][\/et_pb_row][\/et_pb_section]<\/p>","_et_gb_content_width":"","inline_featured_image":false,"_price":"4500.00","_stock":"12","_tribe_ticket_header":"","_tribe_default_ticket_provider":"","_tribe_ticket_capacity":"12","_ticket_start_date":"2024-07-18 00:00:00","_ticket_end_date":"2026-07-02 00:00:00","_tribe_ticket_show_description":"yes","_tribe_ticket_show_not_going":false,"_tribe_ticket_use_global_stock":"","_tribe_ticket_global_stock_level":"","_global_stock_mode":"own","_global_stock_cap":"","_tribe_rsvp_for_event":"","_tribe_ticket_going_count":"","_tribe_ticket_not_going_count":"","_tribe_tickets_list":"[]","_tribe_ticket_has_attendee_info_fields":false,"_tec_slr_enabled":"","_tec_slr_layout":""},"product_brand":[],"product_cat":[],"product_tag":[],"class_list":{"0":"post-21832","1":"product","2":"type-product","3":"status-publish","6":"first","7":"instock","8":"virtual","9":"taxable","10":"purchasable","11":"product-type-simple"},"acf":[],"_links":{"self":[{"href":"https:\/\/sawi.com\/de\/wp-json\/wp\/v2\/product\/21832","targetHints":{"allow":["GET"]}}],"collection":[{"href":"https:\/\/sawi.com\/de\/wp-json\/wp\/v2\/product"}],"about":[{"href":"https:\/\/sawi.com\/de\/wp-json\/wp\/v2\/types\/product"}],"replies":[{"embeddable":true,"href":"https:\/\/sawi.com\/de\/wp-json\/wp\/v2\/comments?post=21832"}],"wp:attachment":[{"href":"https:\/\/sawi.com\/de\/wp-json\/wp\/v2\/media?parent=21832"}],"wp:term":[{"taxonomy":"product_brand","embeddable":true,"href":"https:\/\/sawi.com\/de\/wp-json\/wp\/v2\/product_brand?post=21832"},{"taxonomy":"product_cat","embeddable":true,"href":"https:\/\/sawi.com\/de\/wp-json\/wp\/v2\/product_cat?post=21832"},{"taxonomy":"product_tag","embeddable":true,"href":"https:\/\/sawi.com\/de\/wp-json\/wp\/v2\/product_tag?post=21832"}],"curies":[{"name":"wp","href":"https:\/\/api.w.org\/{rel}","templated":true}]}}