{"id":6682,"date":"2023-07-20T14:58:17","date_gmt":"2023-07-20T12:58:17","guid":{"rendered":"https:\/\/ecolepolycom.ch\/produit\/perfectionnement-et-campagnes-publicitaires-sur-les-reseaux-sociaux-niveau-avance\/"},"modified":"2025-06-12T11:15:05","modified_gmt":"2025-06-12T09:15:05","slug":"perfectionnement-et-campagnes-publicitaires-sur-les-reseaux-sociaux-niveau-avance","status":"publish","type":"product","link":"https:\/\/sawi.com\/produit\/perfectionnement-et-campagnes-publicitaires-sur-les-reseaux-sociaux-niveau-avance\/","title":{"rendered":"10\/10\/2023 &#8211; 21\/10\/2023"},"content":{"rendered":"","protected":false},"excerpt":{"rendered":"<p>Perfectionnement et campagnes publicitaires sur les r\u00e9seaux sociaux \u2013 niveau avanc\u00e9<\/p>\n","protected":false},"featured_media":0,"comment_status":"open","ping_status":"closed","template":"","meta":{"_acf_changed":false,"_et_pb_use_builder":"on","_et_pb_old_content":"Pour mettre en place des campagnes publicitaires performantes sur les r\u00e9seaux sociaux !\r\n\r\nLes publicit\u00e9s sur les r\u00e9seaux sociaux sont devenues incontournables pour la plupart des annonceurs. M\u00eame si leur efficacit\u00e9 n\u2019est plus \u00e0 prouver, elles ne sont pas toujours employ\u00e9es \u00e0 bon escient ni correctement optimis\u00e9es. Alors dans quel(s) objectif(s) faut-il cr\u00e9er des campagnes publicitaires sur les r\u00e9seaux sociaux, quelles sont les bonnes pratiques pour les cr\u00e9er et quelles m\u00e9thodes d\u2019optimisation faut-il appliquer pour qu\u2019elles soient efficaces?\r\nFormez-vous pour comprendre les diff\u00e9rents aspects de la publicit\u00e9 sur les r\u00e9seaux\u00a0 sociaux et apprendre \u00e0 optimiser vos campagnes.","_et_gb_content_width":"","inline_featured_image":false,"_price":"950.00","_stock":"","_tribe_ticket_header":"","_tribe_default_ticket_provider":"","_tribe_ticket_capacity":"-1","_ticket_start_date":"2023-07-01 00:00:00","_ticket_end_date":"2023-10-09 00:00:00","_tribe_ticket_show_description":"yes","_tribe_ticket_show_not_going":false,"_tribe_ticket_use_global_stock":"","_tribe_ticket_global_stock_level":"","_global_stock_mode":"","_global_stock_cap":"","_tribe_rsvp_for_event":"","_tribe_ticket_going_count":"","_tribe_ticket_not_going_count":"","_tribe_tickets_list":"[]","_tribe_ticket_has_attendee_info_fields":false,"_tec_slr_enabled":"","_tec_slr_layout":""},"product_brand":[],"product_cat":[],"product_tag":[],"class_list":{"0":"post-6682","1":"product","2":"type-product","3":"status-publish","6":"first","7":"instock","8":"virtual","9":"taxable","10":"purchasable","11":"product-type-simple"},"acf":[],"_links":{"self":[{"href":"https:\/\/sawi.com\/de\/wp-json\/wp\/v2\/product\/6682","targetHints":{"allow":["GET"]}}],"collection":[{"href":"https:\/\/sawi.com\/de\/wp-json\/wp\/v2\/product"}],"about":[{"href":"https:\/\/sawi.com\/de\/wp-json\/wp\/v2\/types\/product"}],"replies":[{"embeddable":true,"href":"https:\/\/sawi.com\/de\/wp-json\/wp\/v2\/comments?post=6682"}],"wp:attachment":[{"href":"https:\/\/sawi.com\/de\/wp-json\/wp\/v2\/media?parent=6682"}],"wp:term":[{"taxonomy":"product_brand","embeddable":true,"href":"https:\/\/sawi.com\/de\/wp-json\/wp\/v2\/product_brand?post=6682"},{"taxonomy":"product_cat","embeddable":true,"href":"https:\/\/sawi.com\/de\/wp-json\/wp\/v2\/product_cat?post=6682"},{"taxonomy":"product_tag","embeddable":true,"href":"https:\/\/sawi.com\/de\/wp-json\/wp\/v2\/product_tag?post=6682"}],"curies":[{"name":"wp","href":"https:\/\/api.w.org\/{rel}","templated":true}]}}