{"id":6727,"date":"2023-07-21T09:26:03","date_gmt":"2023-07-21T07:26:03","guid":{"rendered":"https:\/\/ecolepolycom.ch\/produit\/passerelle-specialiste-en-strategie-digitale-pour-bachelor\/"},"modified":"2024-09-03T15:08:32","modified_gmt":"2024-09-03T13:08:32","slug":"passerelle-specialiste-en-strategie-digitale-pour-bachelor","status":"publish","type":"product","link":"https:\/\/sawi.com\/produit\/passerelle-specialiste-en-strategie-digitale-pour-bachelor\/","title":{"rendered":"Passerelle Sp\u00e9cialiste en strat\u00e9gie digitale pour Bachelor"},"content":{"rendered":"","protected":false},"excerpt":{"rendered":"<p>R\u00e9serv\u00e9e aux Alumni du Bachelor SAWI Marketing &amp; Communication.<\/p>\n<p>D\u00e9montrer ses comp\u00e9tences dans l\u2019analyse et la mise en place d\u2019une strat\u00e9gie digitale compl\u00e8te d\u2019entreprise.<\/p>\n","protected":false},"featured_media":0,"comment_status":"open","ping_status":"closed","template":"","meta":{"_acf_changed":false,"_et_pb_use_builder":"on","_et_pb_old_content":"R\u00e9serv\u00e9e aux Alumni du Bachelor SAWI Marketing & Communication.\r\n\r\nD\u00e9montrer ses comp\u00e9tences dans l\u2019analyse et la mise en place d\u2019une strat\u00e9gie digitale compl\u00e8te d\u2019entreprise.","_et_gb_content_width":"","inline_featured_image":false,"_price":"800.00","_stock":"","_tribe_ticket_header":"","_tribe_default_ticket_provider":"","_tribe_ticket_capacity":"-1","_ticket_start_date":"2023-07-01 00:00:00","_ticket_end_date":"2025-07-07 00:00:00","_tribe_ticket_show_description":"yes","_tribe_ticket_show_not_going":false,"_tribe_ticket_use_global_stock":"","_tribe_ticket_global_stock_level":"","_global_stock_mode":"","_global_stock_cap":"","_tribe_rsvp_for_event":"","_tribe_ticket_going_count":"","_tribe_ticket_not_going_count":"","_tribe_tickets_list":"[]","_tribe_ticket_has_attendee_info_fields":false,"_tec_slr_enabled":"","_tec_slr_layout":""},"product_brand":[],"product_cat":[],"product_tag":[],"class_list":{"0":"post-6727","1":"product","2":"type-product","3":"status-publish","6":"first","7":"instock","8":"virtual","9":"taxable","10":"purchasable","11":"product-type-simple"},"acf":[],"_links":{"self":[{"href":"https:\/\/sawi.com\/de\/wp-json\/wp\/v2\/product\/6727","targetHints":{"allow":["GET"]}}],"collection":[{"href":"https:\/\/sawi.com\/de\/wp-json\/wp\/v2\/product"}],"about":[{"href":"https:\/\/sawi.com\/de\/wp-json\/wp\/v2\/types\/product"}],"replies":[{"embeddable":true,"href":"https:\/\/sawi.com\/de\/wp-json\/wp\/v2\/comments?post=6727"}],"wp:attachment":[{"href":"https:\/\/sawi.com\/de\/wp-json\/wp\/v2\/media?parent=6727"}],"wp:term":[{"taxonomy":"product_brand","embeddable":true,"href":"https:\/\/sawi.com\/de\/wp-json\/wp\/v2\/product_brand?post=6727"},{"taxonomy":"product_cat","embeddable":true,"href":"https:\/\/sawi.com\/de\/wp-json\/wp\/v2\/product_cat?post=6727"},{"taxonomy":"product_tag","embeddable":true,"href":"https:\/\/sawi.com\/de\/wp-json\/wp\/v2\/product_tag?post=6727"}],"curies":[{"name":"wp","href":"https:\/\/api.w.org\/{rel}","templated":true}]}}