{"id":8168,"date":"2023-08-28T07:33:46","date_gmt":"2023-08-28T05:33:46","guid":{"rendered":"https:\/\/sawi.com\/produit\/event-360copy\/"},"modified":"2025-11-26T14:10:15","modified_gmt":"2025-11-26T13:10:15","slug":"event-360copy","status":"publish","type":"product","link":"https:\/\/sawi.com\/produit\/event-360copy\/","title":{"rendered":"Event 360\u00b0 &#8211; 2024"},"content":{"rendered":"","protected":false},"excerpt":{"rendered":"<p>28\/08\/2024 &#8211; 28\/12\/2024<\/p>\n","protected":false},"featured_media":0,"comment_status":"open","ping_status":"closed","template":"","meta":{"_acf_changed":false,"_et_pb_use_builder":"on","_et_pb_old_content":"A la d\u00e9couverte des codes de l\u2019\u00e9v\u00e9nementiel et du sponsoring !\r\n\r\nDans une soci\u00e9t\u00e9 domin\u00e9e par les pixels, l\u2019\u00e9v\u00e9nementiel est une branche qui se fait plus importante que jamais. En effet, l\u2019\u00e9v\u00e9nement\u00a0mis en place, qu\u2019il soit sportif, culturel ou corporate, est le seul outil capable d\u2019offrir un rapport humain entre collaborateurs, ou avec\u00a0le consommateur. La bonne ex\u00e9cution d\u2019une action \u00e9v\u00e9nementielle n\u00e9cessite autant de comp\u00e9tences th\u00e9oriques que pratiques, d\u2019o\u00f9\u00a0la formation SAWI qui propose une fusion des deux.","_et_gb_content_width":"","inline_featured_image":false,"_price":"6900.00","_stock":"","_tribe_ticket_header":"","_tribe_default_ticket_provider":"","_tribe_ticket_capacity":"-1","_ticket_start_date":"2023-07-01 00:00:00","_ticket_end_date":"2024-08-28 00:00:00","_tribe_ticket_show_description":"yes","_tribe_ticket_show_not_going":false,"_tribe_ticket_use_global_stock":"","_tribe_ticket_global_stock_level":"","_global_stock_mode":"","_global_stock_cap":"","_tribe_rsvp_for_event":"","_tribe_ticket_going_count":"","_tribe_ticket_not_going_count":"","_tribe_tickets_list":"[]","_tribe_ticket_has_attendee_info_fields":false,"_tec_slr_enabled":"","_tec_slr_layout":""},"product_brand":[],"product_cat":[],"product_tag":[],"class_list":{"0":"post-8168","1":"product","2":"type-product","3":"status-publish","6":"first","7":"instock","8":"virtual","9":"taxable","10":"purchasable","11":"product-type-simple"},"acf":[],"_links":{"self":[{"href":"https:\/\/sawi.com\/de\/wp-json\/wp\/v2\/product\/8168","targetHints":{"allow":["GET"]}}],"collection":[{"href":"https:\/\/sawi.com\/de\/wp-json\/wp\/v2\/product"}],"about":[{"href":"https:\/\/sawi.com\/de\/wp-json\/wp\/v2\/types\/product"}],"replies":[{"embeddable":true,"href":"https:\/\/sawi.com\/de\/wp-json\/wp\/v2\/comments?post=8168"}],"wp:attachment":[{"href":"https:\/\/sawi.com\/de\/wp-json\/wp\/v2\/media?parent=8168"}],"wp:term":[{"taxonomy":"product_brand","embeddable":true,"href":"https:\/\/sawi.com\/de\/wp-json\/wp\/v2\/product_brand?post=8168"},{"taxonomy":"product_cat","embeddable":true,"href":"https:\/\/sawi.com\/de\/wp-json\/wp\/v2\/product_cat?post=8168"},{"taxonomy":"product_tag","embeddable":true,"href":"https:\/\/sawi.com\/de\/wp-json\/wp\/v2\/product_tag?post=8168"}],"curies":[{"name":"wp","href":"https:\/\/api.w.org\/{rel}","templated":true}]}}