{"id":9005,"date":"2023-09-15T12:37:51","date_gmt":"2023-09-15T10:37:51","guid":{"rendered":"https:\/\/sawi.com\/produit\/16-01-2024copy\/"},"modified":"2026-03-10T20:08:54","modified_gmt":"2026-03-10T19:08:54","slug":"16-01-2024copy","status":"publish","type":"product","link":"https:\/\/sawi.com\/produit\/16-01-2024copy\/","title":{"rendered":"Sp\u00e9cialiste en Vente SAWI et pr\u00e9paration au Brevet f\u00e9d\u00e9ral &#8211; 2025"},"content":{"rendered":"","protected":false},"excerpt":{"rendered":"<p>14\/01\/25 &#8211; 11\/04\/26 (dates susceptibles de modification)<\/p>\n","protected":false},"featured_media":0,"comment_status":"open","ping_status":"closed","template":"","meta":{"_acf_changed":false,"_et_pb_use_builder":"on","_et_pb_old_content":"Deux dipl\u00f4mes reconnus en une seule formation propos\u00e9e en collaboration avec FMP formation.\r\n\r\nLa formation constitue une pr\u00e9paration \u00e0 un examen interne permettant l'obtention d'un dipl\u00f4me SAWI de Sp\u00e9cialiste en vente et, pour les candidats qui le souhaitent, \u00e0 une pr\u00e9paration intensive aux examens du brevet f\u00e9d\u00e9ral de Sp\u00e9cialiste en vente.\u00a0Cette formation est propos\u00e9e en collaboration avec\u00a0<a href=\"https:\/\/fmpformation.com\/\" target=\"_blank\" rel=\"noopener\">FMP formation<\/a>.\r\n<h4>R\u00e9sultats 2022 : 75% de r\u00e9ussite pour les \u00e9tudiants SAWI \u00e0 l'examen f\u00e9d\u00e9ral de Sp\u00e9cialiste en Vente !<\/h4>","_et_gb_content_width":"","inline_featured_image":false,"_price":"13750.00","_stock":"","_tribe_ticket_header":"","_tribe_default_ticket_provider":"","_tribe_ticket_capacity":"-1","_ticket_start_date":"2023-07-02 00:00:00","_ticket_end_date":"2025-01-19 00:00:00","_tribe_ticket_show_description":"yes","_tribe_ticket_show_not_going":false,"_tribe_ticket_use_global_stock":"","_tribe_ticket_global_stock_level":"","_global_stock_mode":"","_global_stock_cap":"","_tribe_rsvp_for_event":"","_tribe_ticket_going_count":"","_tribe_ticket_not_going_count":"","_tribe_tickets_list":"[]","_tribe_ticket_has_attendee_info_fields":false,"_tec_slr_enabled":"","_tec_slr_layout":""},"product_brand":[],"product_cat":[],"product_tag":[],"class_list":{"0":"post-9005","1":"product","2":"type-product","3":"status-publish","6":"first","7":"instock","8":"virtual","9":"taxable","10":"purchasable","11":"product-type-simple"},"acf":[],"_links":{"self":[{"href":"https:\/\/sawi.com\/de\/wp-json\/wp\/v2\/product\/9005","targetHints":{"allow":["GET"]}}],"collection":[{"href":"https:\/\/sawi.com\/de\/wp-json\/wp\/v2\/product"}],"about":[{"href":"https:\/\/sawi.com\/de\/wp-json\/wp\/v2\/types\/product"}],"replies":[{"embeddable":true,"href":"https:\/\/sawi.com\/de\/wp-json\/wp\/v2\/comments?post=9005"}],"wp:attachment":[{"href":"https:\/\/sawi.com\/de\/wp-json\/wp\/v2\/media?parent=9005"}],"wp:term":[{"taxonomy":"product_brand","embeddable":true,"href":"https:\/\/sawi.com\/de\/wp-json\/wp\/v2\/product_brand?post=9005"},{"taxonomy":"product_cat","embeddable":true,"href":"https:\/\/sawi.com\/de\/wp-json\/wp\/v2\/product_cat?post=9005"},{"taxonomy":"product_tag","embeddable":true,"href":"https:\/\/sawi.com\/de\/wp-json\/wp\/v2\/product_tag?post=9005"}],"curies":[{"name":"wp","href":"https:\/\/api.w.org\/{rel}","templated":true}]}}