{"id":9374,"date":"2023-10-09T09:12:13","date_gmt":"2023-10-09T07:12:13","guid":{"rendered":"https:\/\/sawi.com\/produit\/04-03-2024-21-09-2024copy\/"},"modified":"2025-06-12T17:02:21","modified_gmt":"2025-06-12T15:02:21","slug":"04-03-2024-21-09-2024copy","status":"publish","type":"product","link":"https:\/\/sawi.com\/produit\/04-03-2024-21-09-2024copy\/","title":{"rendered":"UX Designer &#8211; Automne 2024"},"content":{"rendered":"","protected":false},"excerpt":{"rendered":"<p>09\/10\/2024 &#8211; 15\/03\/2025<br \/>\n(Date sujet \u00e0 modification)<\/p>\n","protected":false},"featured_media":0,"comment_status":"open","ping_status":"closed","template":"","meta":{"_acf_changed":false,"_et_pb_use_builder":"on","_et_pb_old_content":"Cr\u00e9er une strat\u00e9gie bas\u00e9e sur les besoins de l\u2019utilisateur facilitant l\u2019usage et l\u2019accessibilit\u00e9 de votre produit ou service.\r\n\r\nLes UX Designers sont des concepteurs de l'exp\u00e9rience utilisateur (UX) et se concentrent sur l'interaction des utilisateurs avec les produits, comme les sites Web, les applications et les objets physiques. Ils rendent ces interactions quotidiennes utiles, agr\u00e9ables et accessibles.\r\n\r\nCette formation r\u00e9pond aux besoins des entreprises d'avoir des professionnels sachant :\r\n<ul>\r\n \t<li>\u00c9tablir une strat\u00e9gie orient\u00e9e vers l'utilisabilit\u00e9 et l'accessibilit\u00e9 d\u2019un produit ou d\u2019un service.<\/li>\r\n \t<li>Auditionner, analyser et mesurer la relation entre l'interface, le contenu et les utilisateurs.<\/li>\r\n \t<li>D\u00e9finir les objectifs et tunnels de conversion d\u2019un projet et mener les audits qui permettent de mesurer leur efficacit\u00e9.<\/li>\r\n<\/ul>\r\nLa formation s\u2019axe autour de l\u2019\u00e9laboration d\u2019une exp\u00e9rience utilisateur sur \u00e9cran (site internet, application, etc.) pour des raisons d\u2019accessibilit\u00e9\u00a0aupr\u00e8s du plus grand nombre.","_et_gb_content_width":"","inline_featured_image":false,"_price":"4800.00","_stock":"","_tribe_ticket_header":"","_tribe_default_ticket_provider":"","_tribe_ticket_capacity":"-1","_ticket_start_date":"2023-07-01 00:00:00","_ticket_end_date":"2024-10-06 00:00:00","_tribe_ticket_show_description":"yes","_tribe_ticket_show_not_going":false,"_tribe_ticket_use_global_stock":"","_tribe_ticket_global_stock_level":"","_global_stock_mode":"","_global_stock_cap":"","_tribe_rsvp_for_event":"","_tribe_ticket_going_count":"","_tribe_ticket_not_going_count":"","_tribe_tickets_list":"[]","_tribe_ticket_has_attendee_info_fields":false,"_tec_slr_enabled":"","_tec_slr_layout":""},"product_brand":[],"product_cat":[],"product_tag":[],"class_list":{"0":"post-9374","1":"product","2":"type-product","3":"status-publish","6":"first","7":"instock","8":"virtual","9":"taxable","10":"purchasable","11":"product-type-simple"},"acf":[],"_links":{"self":[{"href":"https:\/\/sawi.com\/de\/wp-json\/wp\/v2\/product\/9374","targetHints":{"allow":["GET"]}}],"collection":[{"href":"https:\/\/sawi.com\/de\/wp-json\/wp\/v2\/product"}],"about":[{"href":"https:\/\/sawi.com\/de\/wp-json\/wp\/v2\/types\/product"}],"replies":[{"embeddable":true,"href":"https:\/\/sawi.com\/de\/wp-json\/wp\/v2\/comments?post=9374"}],"wp:attachment":[{"href":"https:\/\/sawi.com\/de\/wp-json\/wp\/v2\/media?parent=9374"}],"wp:term":[{"taxonomy":"product_brand","embeddable":true,"href":"https:\/\/sawi.com\/de\/wp-json\/wp\/v2\/product_brand?post=9374"},{"taxonomy":"product_cat","embeddable":true,"href":"https:\/\/sawi.com\/de\/wp-json\/wp\/v2\/product_cat?post=9374"},{"taxonomy":"product_tag","embeddable":true,"href":"https:\/\/sawi.com\/de\/wp-json\/wp\/v2\/product_tag?post=9374"}],"curies":[{"name":"wp","href":"https:\/\/api.w.org\/{rel}","templated":true}]}}